{"id":3137,"date":"2022-12-22T17:05:27","date_gmt":"2022-12-22T16:05:27","guid":{"rendered":"https:\/\/sviluppo42.wndr.it\/pellegrini\/dure-piu-della-pietra\/"},"modified":"2023-05-18T09:02:29","modified_gmt":"2023-05-18T07:02:29","slug":"dure-piu-della-pietra","status":"publish","type":"page","link":"https:\/\/www.pellegrini.net\/fr\/","title":{"rendered":"Pellegrini Meccanica SPA"},"content":{"rendered":"\n<h2 style=\"font-size:26px; line-height:30px;\">The Stone Master, depuis 1951<\/h2>\n\n\n\n<p>Depuis plus de 70 ans nous sommes au service de nos clients partout dans le monde. <br>Nous concevons et construisons des machines pour toutes les phases du traitement du marbre et de la pierre naturelle; nous proposons une assistance qualifi\u00e9e et des pi\u00e8ces de rechange gr\u00e2ce \u00e0 notre \u00e9quipe d&rsquo;experts, garantissant la durabilit\u00e9 et la fiabilit\u00e9 de nos produits.<\/p>\n","protected":false},"excerpt":{"rendered":"<p>The Stone Master, depuis 1951 Depuis plus de 70 ans nous sommes au service de nos clients partout dans le monde. Nous concevons et construisons des machines pour toutes les phases du traitement du marbre et de la pierre naturelle; nous proposons une assistance qualifi\u00e9e et des pi\u00e8ces de rechange gr\u00e2ce \u00e0 notre \u00e9quipe d&rsquo;experts, [&hellip;]<\/p>\n","protected":false},"author":1,"featured_media":0,"parent":0,"menu_order":12,"comment_status":"closed","ping_status":"closed","template":"template-home.php","meta":{"_acf_changed":false,"pgc_sgb_lightbox_settings":"","footnotes":""},"class_list":["post-3137","page","type-page","status-publish","hentry"],"acf":[],"yoast_head":"<!-- This site is optimized with the Yoast SEO plugin v23.8 - https:\/\/yoast.com\/wordpress\/plugins\/seo\/ -->\n<title>Pellegrini Meccanica SPA | Pellegrini Meccanica S.p.A.<\/title>\n<meta name=\"robots\" content=\"index, follow, max-snippet:-1, max-image-preview:large, max-video-preview:-1\" \/>\n<link rel=\"canonical\" href=\"https:\/\/www.pellegrini.net\/fr\/\" \/>\n<meta property=\"og:locale\" content=\"fr_FR\" \/>\n<meta property=\"og:type\" content=\"article\" \/>\n<meta property=\"og:title\" content=\"Pellegrini Meccanica SPA | Pellegrini Meccanica S.p.A.\" \/>\n<meta property=\"og:description\" content=\"The Stone Master, depuis 1951 Depuis plus de 70 ans nous sommes au service de nos clients partout dans le monde. Nous concevons et construisons des machines pour toutes les phases du traitement du marbre et de la pierre naturelle; nous proposons une assistance qualifi\u00e9e et des pi\u00e8ces de rechange gr\u00e2ce \u00e0 notre \u00e9quipe d&rsquo;experts, [&hellip;]\" \/>\n<meta property=\"og:url\" content=\"https:\/\/www.pellegrini.net\/fr\/\" \/>\n<meta property=\"og:site_name\" content=\"Pellegrini Meccanica S.p.A.\" \/>\n<meta property=\"article:modified_time\" content=\"2023-05-18T07:02:29+00:00\" \/>\n<meta property=\"og:image\" content=\"https:\/\/www.pellegrini.net\/wp-content\/uploads\/2023\/04\/PELLEGRINI_copertina_youtube.jpg\" \/>\n\t<meta property=\"og:image:width\" content=\"2560\" \/>\n\t<meta property=\"og:image:height\" content=\"1440\" \/>\n\t<meta property=\"og:image:type\" content=\"image\/jpeg\" \/>\n<meta name=\"twitter:card\" content=\"summary_large_image\" \/>\n<meta name=\"twitter:label1\" content=\"Dur\u00e9e de lecture estim\u00e9e\" \/>\n\t<meta name=\"twitter:data1\" content=\"1 minute\" \/>\n<script type=\"application\/ld+json\" class=\"yoast-schema-graph\">{\"@context\":\"https:\/\/schema.org\",\"@graph\":[{\"@type\":\"WebPage\",\"@id\":\"https:\/\/www.pellegrini.net\/fr\/\",\"url\":\"https:\/\/www.pellegrini.net\/fr\/\",\"name\":\"Pellegrini Meccanica SPA | Pellegrini Meccanica S.p.A.\",\"isPartOf\":{\"@id\":\"https:\/\/www.pellegrini.net\/fr\/#website\"},\"datePublished\":\"2022-12-22T16:05:27+00:00\",\"dateModified\":\"2023-05-18T07:02:29+00:00\",\"breadcrumb\":{\"@id\":\"https:\/\/www.pellegrini.net\/fr\/#breadcrumb\"},\"inLanguage\":\"fr-FR\",\"potentialAction\":[{\"@type\":\"ReadAction\",\"target\":[\"https:\/\/www.pellegrini.net\/fr\/\"]}]},{\"@type\":\"BreadcrumbList\",\"@id\":\"https:\/\/www.pellegrini.net\/fr\/#breadcrumb\",\"itemListElement\":[{\"@type\":\"ListItem\",\"position\":1,\"name\":\"Home\",\"item\":\"https:\/\/www.pellegrini.net\/fr\/\"},{\"@type\":\"ListItem\",\"position\":2,\"name\":\"Pellegrini Meccanica SPA\"}]},{\"@type\":\"WebSite\",\"@id\":\"https:\/\/www.pellegrini.net\/fr\/#website\",\"url\":\"https:\/\/www.pellegrini.net\/fr\/\",\"name\":\"Pellegrini Meccanica S.p.A.\",\"description\":\"The Stone Master\",\"publisher\":{\"@id\":\"https:\/\/www.pellegrini.net\/fr\/#organization\"},\"potentialAction\":[{\"@type\":\"SearchAction\",\"target\":{\"@type\":\"EntryPoint\",\"urlTemplate\":\"https:\/\/www.pellegrini.net\/fr\/?s={search_term_string}\"},\"query-input\":{\"@type\":\"PropertyValueSpecification\",\"valueRequired\":true,\"valueName\":\"search_term_string\"}}],\"inLanguage\":\"fr-FR\"},{\"@type\":\"Organization\",\"@id\":\"https:\/\/www.pellegrini.net\/fr\/#organization\",\"name\":\"Pellegrini Meccanica S.p.A.\",\"url\":\"https:\/\/www.pellegrini.net\/fr\/\",\"logo\":{\"@type\":\"ImageObject\",\"inLanguage\":\"fr-FR\",\"@id\":\"https:\/\/www.pellegrini.net\/fr\/#\/schema\/logo\/image\/\",\"url\":\"https:\/\/www.pellegrini.net\/wp-content\/uploads\/2023\/04\/ms-icon-310x310-1.png\",\"contentUrl\":\"https:\/\/www.pellegrini.net\/wp-content\/uploads\/2023\/04\/ms-icon-310x310-1.png\",\"width\":310,\"height\":310,\"caption\":\"Pellegrini Meccanica S.p.A.\"},\"image\":{\"@id\":\"https:\/\/www.pellegrini.net\/fr\/#\/schema\/logo\/image\/\"},\"sameAs\":[\"https:\/\/www.youtube.com\/@PellegriniMeccanica\",\"https:\/\/www.linkedin.com\/company\/pellegrini-meccanica-s-p-a\/\",\"https:\/\/www.instagram.com\/pellegrini_thestonemaster\/\"]}]}<\/script>\n<!-- \/ Yoast SEO plugin. -->","yoast_head_json":{"title":"Pellegrini Meccanica SPA | Pellegrini Meccanica S.p.A.","robots":{"index":"index","follow":"follow","max-snippet":"max-snippet:-1","max-image-preview":"max-image-preview:large","max-video-preview":"max-video-preview:-1"},"canonical":"https:\/\/www.pellegrini.net\/fr\/","og_locale":"fr_FR","og_type":"article","og_title":"Pellegrini Meccanica SPA | Pellegrini Meccanica S.p.A.","og_description":"The Stone Master, depuis 1951 Depuis plus de 70 ans nous sommes au service de nos clients partout dans le monde. Nous concevons et construisons des machines pour toutes les phases du traitement du marbre et de la pierre naturelle; nous proposons une assistance qualifi\u00e9e et des pi\u00e8ces de rechange gr\u00e2ce \u00e0 notre \u00e9quipe d&rsquo;experts, [&hellip;]","og_url":"https:\/\/www.pellegrini.net\/fr\/","og_site_name":"Pellegrini Meccanica S.p.A.","article_modified_time":"2023-05-18T07:02:29+00:00","og_image":[{"width":2560,"height":1440,"url":"https:\/\/www.pellegrini.net\/wp-content\/uploads\/2023\/04\/PELLEGRINI_copertina_youtube.jpg","type":"image\/jpeg"}],"twitter_card":"summary_large_image","twitter_misc":{"Dur\u00e9e de lecture estim\u00e9e":"1 minute"},"schema":{"@context":"https:\/\/schema.org","@graph":[{"@type":"WebPage","@id":"https:\/\/www.pellegrini.net\/fr\/","url":"https:\/\/www.pellegrini.net\/fr\/","name":"Pellegrini Meccanica SPA | Pellegrini Meccanica S.p.A.","isPartOf":{"@id":"https:\/\/www.pellegrini.net\/fr\/#website"},"datePublished":"2022-12-22T16:05:27+00:00","dateModified":"2023-05-18T07:02:29+00:00","breadcrumb":{"@id":"https:\/\/www.pellegrini.net\/fr\/#breadcrumb"},"inLanguage":"fr-FR","potentialAction":[{"@type":"ReadAction","target":["https:\/\/www.pellegrini.net\/fr\/"]}]},{"@type":"BreadcrumbList","@id":"https:\/\/www.pellegrini.net\/fr\/#breadcrumb","itemListElement":[{"@type":"ListItem","position":1,"name":"Home","item":"https:\/\/www.pellegrini.net\/fr\/"},{"@type":"ListItem","position":2,"name":"Pellegrini Meccanica SPA"}]},{"@type":"WebSite","@id":"https:\/\/www.pellegrini.net\/fr\/#website","url":"https:\/\/www.pellegrini.net\/fr\/","name":"Pellegrini Meccanica S.p.A.","description":"The Stone Master","publisher":{"@id":"https:\/\/www.pellegrini.net\/fr\/#organization"},"potentialAction":[{"@type":"SearchAction","target":{"@type":"EntryPoint","urlTemplate":"https:\/\/www.pellegrini.net\/fr\/?s={search_term_string}"},"query-input":{"@type":"PropertyValueSpecification","valueRequired":true,"valueName":"search_term_string"}}],"inLanguage":"fr-FR"},{"@type":"Organization","@id":"https:\/\/www.pellegrini.net\/fr\/#organization","name":"Pellegrini Meccanica S.p.A.","url":"https:\/\/www.pellegrini.net\/fr\/","logo":{"@type":"ImageObject","inLanguage":"fr-FR","@id":"https:\/\/www.pellegrini.net\/fr\/#\/schema\/logo\/image\/","url":"https:\/\/www.pellegrini.net\/wp-content\/uploads\/2023\/04\/ms-icon-310x310-1.png","contentUrl":"https:\/\/www.pellegrini.net\/wp-content\/uploads\/2023\/04\/ms-icon-310x310-1.png","width":310,"height":310,"caption":"Pellegrini Meccanica S.p.A."},"image":{"@id":"https:\/\/www.pellegrini.net\/fr\/#\/schema\/logo\/image\/"},"sameAs":["https:\/\/www.youtube.com\/@PellegriniMeccanica","https:\/\/www.linkedin.com\/company\/pellegrini-meccanica-s-p-a\/","https:\/\/www.instagram.com\/pellegrini_thestonemaster\/"]}]}},"_links":{"self":[{"href":"https:\/\/www.pellegrini.net\/fr\/wp-json\/wp\/v2\/pages\/3137","targetHints":{"allow":["GET"]}}],"collection":[{"href":"https:\/\/www.pellegrini.net\/fr\/wp-json\/wp\/v2\/pages"}],"about":[{"href":"https:\/\/www.pellegrini.net\/fr\/wp-json\/wp\/v2\/types\/page"}],"author":[{"embeddable":true,"href":"https:\/\/www.pellegrini.net\/fr\/wp-json\/wp\/v2\/users\/1"}],"replies":[{"embeddable":true,"href":"https:\/\/www.pellegrini.net\/fr\/wp-json\/wp\/v2\/comments?post=3137"}],"version-history":[{"count":6,"href":"https:\/\/www.pellegrini.net\/fr\/wp-json\/wp\/v2\/pages\/3137\/revisions"}],"predecessor-version":[{"id":5397,"href":"https:\/\/www.pellegrini.net\/fr\/wp-json\/wp\/v2\/pages\/3137\/revisions\/5397"}],"wp:attachment":[{"href":"https:\/\/www.pellegrini.net\/fr\/wp-json\/wp\/v2\/media?parent=3137"}],"curies":[{"name":"wp","href":"https:\/\/api.w.org\/{rel}","templated":true}]}}