{"id":2937,"date":"2022-12-22T16:38:17","date_gmt":"2022-12-22T15:38:17","guid":{"rendered":"https:\/\/sviluppo42.wndr.it\/pellegrini\/lazienda\/"},"modified":"2023-07-12T12:09:38","modified_gmt":"2023-07-12T10:09:38","slug":"lentreprise","status":"publish","type":"page","link":"https:\/\/www.pellegrini.net\/fr\/lentreprise\/","title":{"rendered":"L\u2019entreprise"},"content":{"rendered":"\n<h2 class=\"wp-block-heading\" style=\"font-size:1.63rem\">Ma\u00eetres de la pierre naturelle<\/h2>\n\n\n\n<p>Depuis sa cr\u00e9ation, Pellegrini Meccanica travaille avec passion pour concevoir, construire et offrir \u00e0 ses clients des machines technologiquement avanc\u00e9es pour toutes les phases du cycle du traitement de la pierre naturelle. L\u2019exp\u00e9rience pluriannuelle de l&rsquo;entreprise et le savoir-faire de notre \u00e9quipe ont contribu\u00e9 \u00e0 faire conna\u00eetre la marque Pellegrini dans le monde entier comme \u00ab\u00a0The Stone Master\u00a0\u00bb.<\/p>\n\n\n\n<p>L\u2019esprit d\u2019entreprise et la pr\u00e9voyance de notre fondateur ont \u00e9t\u00e9 et sont toujours \u00e9l\u00e9ment cl\u00e9 de la philosophie de l&rsquo;entreprise. Ces valeurs, accompagn\u00e9es par la fiabilit\u00e9 et par la constance acquises tout au long de notre histoire, nous permettent d&rsquo;\u00eatre une r\u00e9f\u00e9rence en termes de qualit\u00e9 et de garantie pour les clients du monde entier.<\/p>\n","protected":false},"excerpt":{"rendered":"<p>Ma\u00eetres de la pierre naturelle Depuis sa cr\u00e9ation, Pellegrini Meccanica travaille avec passion pour concevoir, construire et offrir \u00e0 ses clients des machines technologiquement avanc\u00e9es pour toutes les phases du cycle du traitement de la pierre naturelle. L\u2019exp\u00e9rience pluriannuelle de l&rsquo;entreprise et le savoir-faire de notre \u00e9quipe ont contribu\u00e9 \u00e0 faire conna\u00eetre la marque Pellegrini [&hellip;]<\/p>\n","protected":false},"author":1,"featured_media":2209,"parent":0,"menu_order":38,"comment_status":"closed","ping_status":"closed","template":"template-about.php","meta":{"_acf_changed":false,"pgc_sgb_lightbox_settings":"","footnotes":""},"class_list":["post-2937","page","type-page","status-publish","has-post-thumbnail","hentry"],"acf":[],"yoast_head":"<!-- This site is optimized with the Yoast SEO plugin v23.8 - https:\/\/yoast.com\/wordpress\/plugins\/seo\/ -->\n<title>L\u2019entreprise | Pellegrini Meccanica S.p.A.<\/title>\n<meta name=\"robots\" content=\"index, follow, max-snippet:-1, max-image-preview:large, max-video-preview:-1\" \/>\n<link rel=\"canonical\" href=\"https:\/\/www.pellegrini.net\/fr\/lentreprise\/\" \/>\n<meta property=\"og:locale\" content=\"fr_FR\" \/>\n<meta property=\"og:type\" content=\"article\" \/>\n<meta property=\"og:title\" content=\"L\u2019entreprise | Pellegrini Meccanica S.p.A.\" \/>\n<meta property=\"og:description\" content=\"Ma\u00eetres de la pierre naturelle Depuis sa cr\u00e9ation, Pellegrini Meccanica travaille avec passion pour concevoir, construire et offrir \u00e0 ses clients des machines technologiquement avanc\u00e9es pour toutes les phases du cycle du traitement de la pierre naturelle. L\u2019exp\u00e9rience pluriannuelle de l&rsquo;entreprise et le savoir-faire de notre \u00e9quipe ont contribu\u00e9 \u00e0 faire conna\u00eetre la marque Pellegrini [&hellip;]\" \/>\n<meta property=\"og:url\" content=\"https:\/\/www.pellegrini.net\/fr\/lentreprise\/\" \/>\n<meta property=\"og:site_name\" content=\"Pellegrini Meccanica S.p.A.\" \/>\n<meta property=\"article:modified_time\" content=\"2023-07-12T10:09:38+00:00\" \/>\n<meta property=\"og:image\" content=\"https:\/\/www.pellegrini.net\/wp-content\/uploads\/2023\/01\/azienda_pellegrini.jpg\" \/>\n\t<meta property=\"og:image:width\" content=\"900\" \/>\n\t<meta property=\"og:image:height\" content=\"724\" \/>\n\t<meta property=\"og:image:type\" content=\"image\/jpeg\" \/>\n<meta name=\"twitter:card\" content=\"summary_large_image\" \/>\n<meta name=\"twitter:label1\" content=\"Dur\u00e9e de lecture estim\u00e9e\" \/>\n\t<meta name=\"twitter:data1\" content=\"1 minute\" \/>\n<script type=\"application\/ld+json\" class=\"yoast-schema-graph\">{\"@context\":\"https:\/\/schema.org\",\"@graph\":[{\"@type\":\"WebPage\",\"@id\":\"https:\/\/www.pellegrini.net\/fr\/lentreprise\/\",\"url\":\"https:\/\/www.pellegrini.net\/fr\/lentreprise\/\",\"name\":\"L\u2019entreprise | Pellegrini Meccanica S.p.A.\",\"isPartOf\":{\"@id\":\"https:\/\/www.pellegrini.net\/fr\/#website\"},\"primaryImageOfPage\":{\"@id\":\"https:\/\/www.pellegrini.net\/fr\/lentreprise\/#primaryimage\"},\"image\":{\"@id\":\"https:\/\/www.pellegrini.net\/fr\/lentreprise\/#primaryimage\"},\"thumbnailUrl\":\"https:\/\/www.pellegrini.net\/wp-content\/uploads\/2023\/01\/azienda_pellegrini.jpg\",\"datePublished\":\"2022-12-22T15:38:17+00:00\",\"dateModified\":\"2023-07-12T10:09:38+00:00\",\"breadcrumb\":{\"@id\":\"https:\/\/www.pellegrini.net\/fr\/lentreprise\/#breadcrumb\"},\"inLanguage\":\"fr-FR\",\"potentialAction\":[{\"@type\":\"ReadAction\",\"target\":[\"https:\/\/www.pellegrini.net\/fr\/lentreprise\/\"]}]},{\"@type\":\"ImageObject\",\"inLanguage\":\"fr-FR\",\"@id\":\"https:\/\/www.pellegrini.net\/fr\/lentreprise\/#primaryimage\",\"url\":\"https:\/\/www.pellegrini.net\/wp-content\/uploads\/2023\/01\/azienda_pellegrini.jpg\",\"contentUrl\":\"https:\/\/www.pellegrini.net\/wp-content\/uploads\/2023\/01\/azienda_pellegrini.jpg\",\"width\":900,\"height\":724},{\"@type\":\"BreadcrumbList\",\"@id\":\"https:\/\/www.pellegrini.net\/fr\/lentreprise\/#breadcrumb\",\"itemListElement\":[{\"@type\":\"ListItem\",\"position\":1,\"name\":\"Home\",\"item\":\"https:\/\/www.pellegrini.net\/fr\/\"},{\"@type\":\"ListItem\",\"position\":2,\"name\":\"L\u2019entreprise\"}]},{\"@type\":\"WebSite\",\"@id\":\"https:\/\/www.pellegrini.net\/fr\/#website\",\"url\":\"https:\/\/www.pellegrini.net\/fr\/\",\"name\":\"Pellegrini Meccanica S.p.A.\",\"description\":\"The Stone Master\",\"publisher\":{\"@id\":\"https:\/\/www.pellegrini.net\/fr\/#organization\"},\"potentialAction\":[{\"@type\":\"SearchAction\",\"target\":{\"@type\":\"EntryPoint\",\"urlTemplate\":\"https:\/\/www.pellegrini.net\/fr\/?s={search_term_string}\"},\"query-input\":{\"@type\":\"PropertyValueSpecification\",\"valueRequired\":true,\"valueName\":\"search_term_string\"}}],\"inLanguage\":\"fr-FR\"},{\"@type\":\"Organization\",\"@id\":\"https:\/\/www.pellegrini.net\/fr\/#organization\",\"name\":\"Pellegrini Meccanica S.p.A.\",\"url\":\"https:\/\/www.pellegrini.net\/fr\/\",\"logo\":{\"@type\":\"ImageObject\",\"inLanguage\":\"fr-FR\",\"@id\":\"https:\/\/www.pellegrini.net\/fr\/#\/schema\/logo\/image\/\",\"url\":\"https:\/\/www.pellegrini.net\/wp-content\/uploads\/2023\/04\/ms-icon-310x310-1.png\",\"contentUrl\":\"https:\/\/www.pellegrini.net\/wp-content\/uploads\/2023\/04\/ms-icon-310x310-1.png\",\"width\":310,\"height\":310,\"caption\":\"Pellegrini Meccanica S.p.A.\"},\"image\":{\"@id\":\"https:\/\/www.pellegrini.net\/fr\/#\/schema\/logo\/image\/\"},\"sameAs\":[\"https:\/\/www.youtube.com\/@PellegriniMeccanica\",\"https:\/\/www.linkedin.com\/company\/pellegrini-meccanica-s-p-a\/\",\"https:\/\/www.instagram.com\/pellegrini_thestonemaster\/\"]}]}<\/script>\n<!-- \/ Yoast SEO plugin. -->","yoast_head_json":{"title":"L\u2019entreprise | Pellegrini Meccanica S.p.A.","robots":{"index":"index","follow":"follow","max-snippet":"max-snippet:-1","max-image-preview":"max-image-preview:large","max-video-preview":"max-video-preview:-1"},"canonical":"https:\/\/www.pellegrini.net\/fr\/lentreprise\/","og_locale":"fr_FR","og_type":"article","og_title":"L\u2019entreprise | Pellegrini Meccanica S.p.A.","og_description":"Ma\u00eetres de la pierre naturelle Depuis sa cr\u00e9ation, Pellegrini Meccanica travaille avec passion pour concevoir, construire et offrir \u00e0 ses clients des machines technologiquement avanc\u00e9es pour toutes les phases du cycle du traitement de la pierre naturelle. L\u2019exp\u00e9rience pluriannuelle de l&rsquo;entreprise et le savoir-faire de notre \u00e9quipe ont contribu\u00e9 \u00e0 faire conna\u00eetre la marque Pellegrini [&hellip;]","og_url":"https:\/\/www.pellegrini.net\/fr\/lentreprise\/","og_site_name":"Pellegrini Meccanica S.p.A.","article_modified_time":"2023-07-12T10:09:38+00:00","og_image":[{"width":900,"height":724,"url":"https:\/\/www.pellegrini.net\/wp-content\/uploads\/2023\/01\/azienda_pellegrini.jpg","type":"image\/jpeg"}],"twitter_card":"summary_large_image","twitter_misc":{"Dur\u00e9e de lecture estim\u00e9e":"1 minute"},"schema":{"@context":"https:\/\/schema.org","@graph":[{"@type":"WebPage","@id":"https:\/\/www.pellegrini.net\/fr\/lentreprise\/","url":"https:\/\/www.pellegrini.net\/fr\/lentreprise\/","name":"L\u2019entreprise | Pellegrini Meccanica S.p.A.","isPartOf":{"@id":"https:\/\/www.pellegrini.net\/fr\/#website"},"primaryImageOfPage":{"@id":"https:\/\/www.pellegrini.net\/fr\/lentreprise\/#primaryimage"},"image":{"@id":"https:\/\/www.pellegrini.net\/fr\/lentreprise\/#primaryimage"},"thumbnailUrl":"https:\/\/www.pellegrini.net\/wp-content\/uploads\/2023\/01\/azienda_pellegrini.jpg","datePublished":"2022-12-22T15:38:17+00:00","dateModified":"2023-07-12T10:09:38+00:00","breadcrumb":{"@id":"https:\/\/www.pellegrini.net\/fr\/lentreprise\/#breadcrumb"},"inLanguage":"fr-FR","potentialAction":[{"@type":"ReadAction","target":["https:\/\/www.pellegrini.net\/fr\/lentreprise\/"]}]},{"@type":"ImageObject","inLanguage":"fr-FR","@id":"https:\/\/www.pellegrini.net\/fr\/lentreprise\/#primaryimage","url":"https:\/\/www.pellegrini.net\/wp-content\/uploads\/2023\/01\/azienda_pellegrini.jpg","contentUrl":"https:\/\/www.pellegrini.net\/wp-content\/uploads\/2023\/01\/azienda_pellegrini.jpg","width":900,"height":724},{"@type":"BreadcrumbList","@id":"https:\/\/www.pellegrini.net\/fr\/lentreprise\/#breadcrumb","itemListElement":[{"@type":"ListItem","position":1,"name":"Home","item":"https:\/\/www.pellegrini.net\/fr\/"},{"@type":"ListItem","position":2,"name":"L\u2019entreprise"}]},{"@type":"WebSite","@id":"https:\/\/www.pellegrini.net\/fr\/#website","url":"https:\/\/www.pellegrini.net\/fr\/","name":"Pellegrini Meccanica S.p.A.","description":"The Stone Master","publisher":{"@id":"https:\/\/www.pellegrini.net\/fr\/#organization"},"potentialAction":[{"@type":"SearchAction","target":{"@type":"EntryPoint","urlTemplate":"https:\/\/www.pellegrini.net\/fr\/?s={search_term_string}"},"query-input":{"@type":"PropertyValueSpecification","valueRequired":true,"valueName":"search_term_string"}}],"inLanguage":"fr-FR"},{"@type":"Organization","@id":"https:\/\/www.pellegrini.net\/fr\/#organization","name":"Pellegrini Meccanica S.p.A.","url":"https:\/\/www.pellegrini.net\/fr\/","logo":{"@type":"ImageObject","inLanguage":"fr-FR","@id":"https:\/\/www.pellegrini.net\/fr\/#\/schema\/logo\/image\/","url":"https:\/\/www.pellegrini.net\/wp-content\/uploads\/2023\/04\/ms-icon-310x310-1.png","contentUrl":"https:\/\/www.pellegrini.net\/wp-content\/uploads\/2023\/04\/ms-icon-310x310-1.png","width":310,"height":310,"caption":"Pellegrini Meccanica S.p.A."},"image":{"@id":"https:\/\/www.pellegrini.net\/fr\/#\/schema\/logo\/image\/"},"sameAs":["https:\/\/www.youtube.com\/@PellegriniMeccanica","https:\/\/www.linkedin.com\/company\/pellegrini-meccanica-s-p-a\/","https:\/\/www.instagram.com\/pellegrini_thestonemaster\/"]}]}},"_links":{"self":[{"href":"https:\/\/www.pellegrini.net\/fr\/wp-json\/wp\/v2\/pages\/2937","targetHints":{"allow":["GET"]}}],"collection":[{"href":"https:\/\/www.pellegrini.net\/fr\/wp-json\/wp\/v2\/pages"}],"about":[{"href":"https:\/\/www.pellegrini.net\/fr\/wp-json\/wp\/v2\/types\/page"}],"author":[{"embeddable":true,"href":"https:\/\/www.pellegrini.net\/fr\/wp-json\/wp\/v2\/users\/1"}],"replies":[{"embeddable":true,"href":"https:\/\/www.pellegrini.net\/fr\/wp-json\/wp\/v2\/comments?post=2937"}],"version-history":[{"count":12,"href":"https:\/\/www.pellegrini.net\/fr\/wp-json\/wp\/v2\/pages\/2937\/revisions"}],"predecessor-version":[{"id":6319,"href":"https:\/\/www.pellegrini.net\/fr\/wp-json\/wp\/v2\/pages\/2937\/revisions\/6319"}],"wp:featuredmedia":[{"embeddable":true,"href":"https:\/\/www.pellegrini.net\/fr\/wp-json\/wp\/v2\/media\/2209"}],"wp:attachment":[{"href":"https:\/\/www.pellegrini.net\/fr\/wp-json\/wp\/v2\/media?parent=2937"}],"curies":[{"name":"wp","href":"https:\/\/api.w.org\/{rel}","templated":true}]}}