{"id":2798,"date":"2022-12-22T16:39:07","date_gmt":"2022-12-22T15:39:07","guid":{"rendered":"https:\/\/sviluppo42.wndr.it\/pellegrini\/certificazioni\/"},"modified":"2023-04-12T16:39:49","modified_gmt":"2023-04-12T14:39:49","slug":"nos-certifications","status":"publish","type":"page","link":"https:\/\/www.pellegrini.net\/fr\/nos-certifications\/","title":{"rendered":"Nos certifications"},"content":{"rendered":"\n<div class=\"wp-block-columns is-layout-flex wp-container-core-columns-is-layout-9d6595d7 wp-block-columns-is-layout-flex\">\n<div class=\"wp-block-column is-layout-flow wp-block-column-is-layout-flow\">\n<h2 class=\"wp-block-heading\">Conformes aux normes, au-del\u00e0 des attentes<\/h2>\n\n\n\n<p>Pellegrini place la qualit\u00e9 de ses machines et la satisfaction de ses clients au c\u0153ur de sa mission. Les certifications obtenues d\u00e9montrent que notre engagement et notre passion sont reconnus.<\/p>\n<\/div>\n<\/div>\n","protected":false},"excerpt":{"rendered":"<p>Conformes aux normes, au-del\u00e0 des attentes Pellegrini place la qualit\u00e9 de ses machines et la satisfaction de ses clients au c\u0153ur de sa mission. Les certifications obtenues d\u00e9montrent que notre engagement et notre passion sont reconnus.<\/p>\n","protected":false},"author":1,"featured_media":0,"parent":0,"menu_order":26,"comment_status":"closed","ping_status":"closed","template":"template-certifications.php","meta":{"_acf_changed":false,"pgc_sgb_lightbox_settings":"","footnotes":""},"class_list":["post-2798","page","type-page","status-publish","hentry"],"acf":[],"yoast_head":"<!-- This site is optimized with the Yoast SEO plugin v23.8 - https:\/\/yoast.com\/wordpress\/plugins\/seo\/ -->\n<title>Nos certifications | Pellegrini Meccanica S.p.A.<\/title>\n<meta name=\"robots\" content=\"index, follow, max-snippet:-1, max-image-preview:large, max-video-preview:-1\" \/>\n<link rel=\"canonical\" href=\"https:\/\/www.pellegrini.net\/fr\/nos-certifications\/\" \/>\n<meta property=\"og:locale\" content=\"fr_FR\" \/>\n<meta property=\"og:type\" content=\"article\" \/>\n<meta property=\"og:title\" content=\"Nos certifications | Pellegrini Meccanica S.p.A.\" \/>\n<meta property=\"og:description\" content=\"Conformes aux normes, au-del\u00e0 des attentes Pellegrini place la qualit\u00e9 de ses machines et la satisfaction de ses clients au c\u0153ur de sa mission. Les certifications obtenues d\u00e9montrent que notre engagement et notre passion sont reconnus.\" \/>\n<meta property=\"og:url\" content=\"https:\/\/www.pellegrini.net\/fr\/nos-certifications\/\" \/>\n<meta property=\"og:site_name\" content=\"Pellegrini Meccanica S.p.A.\" \/>\n<meta property=\"article:modified_time\" content=\"2023-04-12T14:39:49+00:00\" \/>\n<meta property=\"og:image\" content=\"https:\/\/www.pellegrini.net\/wp-content\/uploads\/2023\/04\/PELLEGRINI_copertina_youtube.jpg\" \/>\n\t<meta property=\"og:image:width\" content=\"2560\" \/>\n\t<meta property=\"og:image:height\" content=\"1440\" \/>\n\t<meta property=\"og:image:type\" content=\"image\/jpeg\" \/>\n<meta name=\"twitter:card\" content=\"summary_large_image\" \/>\n<meta name=\"twitter:label1\" content=\"Dur\u00e9e de lecture estim\u00e9e\" \/>\n\t<meta name=\"twitter:data1\" content=\"1 minute\" \/>\n<script type=\"application\/ld+json\" class=\"yoast-schema-graph\">{\"@context\":\"https:\/\/schema.org\",\"@graph\":[{\"@type\":\"WebPage\",\"@id\":\"https:\/\/www.pellegrini.net\/fr\/nos-certifications\/\",\"url\":\"https:\/\/www.pellegrini.net\/fr\/nos-certifications\/\",\"name\":\"Nos certifications | Pellegrini Meccanica S.p.A.\",\"isPartOf\":{\"@id\":\"https:\/\/www.pellegrini.net\/fr\/#website\"},\"datePublished\":\"2022-12-22T15:39:07+00:00\",\"dateModified\":\"2023-04-12T14:39:49+00:00\",\"breadcrumb\":{\"@id\":\"https:\/\/www.pellegrini.net\/fr\/nos-certifications\/#breadcrumb\"},\"inLanguage\":\"fr-FR\",\"potentialAction\":[{\"@type\":\"ReadAction\",\"target\":[\"https:\/\/www.pellegrini.net\/fr\/nos-certifications\/\"]}]},{\"@type\":\"BreadcrumbList\",\"@id\":\"https:\/\/www.pellegrini.net\/fr\/nos-certifications\/#breadcrumb\",\"itemListElement\":[{\"@type\":\"ListItem\",\"position\":1,\"name\":\"Home\",\"item\":\"https:\/\/www.pellegrini.net\/fr\/\"},{\"@type\":\"ListItem\",\"position\":2,\"name\":\"Nos certifications\"}]},{\"@type\":\"WebSite\",\"@id\":\"https:\/\/www.pellegrini.net\/fr\/#website\",\"url\":\"https:\/\/www.pellegrini.net\/fr\/\",\"name\":\"Pellegrini Meccanica S.p.A.\",\"description\":\"The Stone Master\",\"publisher\":{\"@id\":\"https:\/\/www.pellegrini.net\/fr\/#organization\"},\"potentialAction\":[{\"@type\":\"SearchAction\",\"target\":{\"@type\":\"EntryPoint\",\"urlTemplate\":\"https:\/\/www.pellegrini.net\/fr\/?s={search_term_string}\"},\"query-input\":{\"@type\":\"PropertyValueSpecification\",\"valueRequired\":true,\"valueName\":\"search_term_string\"}}],\"inLanguage\":\"fr-FR\"},{\"@type\":\"Organization\",\"@id\":\"https:\/\/www.pellegrini.net\/fr\/#organization\",\"name\":\"Pellegrini Meccanica S.p.A.\",\"url\":\"https:\/\/www.pellegrini.net\/fr\/\",\"logo\":{\"@type\":\"ImageObject\",\"inLanguage\":\"fr-FR\",\"@id\":\"https:\/\/www.pellegrini.net\/fr\/#\/schema\/logo\/image\/\",\"url\":\"https:\/\/www.pellegrini.net\/wp-content\/uploads\/2023\/04\/ms-icon-310x310-1.png\",\"contentUrl\":\"https:\/\/www.pellegrini.net\/wp-content\/uploads\/2023\/04\/ms-icon-310x310-1.png\",\"width\":310,\"height\":310,\"caption\":\"Pellegrini Meccanica S.p.A.\"},\"image\":{\"@id\":\"https:\/\/www.pellegrini.net\/fr\/#\/schema\/logo\/image\/\"},\"sameAs\":[\"https:\/\/www.youtube.com\/@PellegriniMeccanica\",\"https:\/\/www.linkedin.com\/company\/pellegrini-meccanica-s-p-a\/\",\"https:\/\/www.instagram.com\/pellegrini_thestonemaster\/\"]}]}<\/script>\n<!-- \/ Yoast SEO plugin. -->","yoast_head_json":{"title":"Nos certifications | Pellegrini Meccanica S.p.A.","robots":{"index":"index","follow":"follow","max-snippet":"max-snippet:-1","max-image-preview":"max-image-preview:large","max-video-preview":"max-video-preview:-1"},"canonical":"https:\/\/www.pellegrini.net\/fr\/nos-certifications\/","og_locale":"fr_FR","og_type":"article","og_title":"Nos certifications | Pellegrini Meccanica S.p.A.","og_description":"Conformes aux normes, au-del\u00e0 des attentes Pellegrini place la qualit\u00e9 de ses machines et la satisfaction de ses clients au c\u0153ur de sa mission. Les certifications obtenues d\u00e9montrent que notre engagement et notre passion sont reconnus.","og_url":"https:\/\/www.pellegrini.net\/fr\/nos-certifications\/","og_site_name":"Pellegrini Meccanica S.p.A.","article_modified_time":"2023-04-12T14:39:49+00:00","og_image":[{"width":2560,"height":1440,"url":"https:\/\/www.pellegrini.net\/wp-content\/uploads\/2023\/04\/PELLEGRINI_copertina_youtube.jpg","type":"image\/jpeg"}],"twitter_card":"summary_large_image","twitter_misc":{"Dur\u00e9e de lecture estim\u00e9e":"1 minute"},"schema":{"@context":"https:\/\/schema.org","@graph":[{"@type":"WebPage","@id":"https:\/\/www.pellegrini.net\/fr\/nos-certifications\/","url":"https:\/\/www.pellegrini.net\/fr\/nos-certifications\/","name":"Nos certifications | Pellegrini Meccanica S.p.A.","isPartOf":{"@id":"https:\/\/www.pellegrini.net\/fr\/#website"},"datePublished":"2022-12-22T15:39:07+00:00","dateModified":"2023-04-12T14:39:49+00:00","breadcrumb":{"@id":"https:\/\/www.pellegrini.net\/fr\/nos-certifications\/#breadcrumb"},"inLanguage":"fr-FR","potentialAction":[{"@type":"ReadAction","target":["https:\/\/www.pellegrini.net\/fr\/nos-certifications\/"]}]},{"@type":"BreadcrumbList","@id":"https:\/\/www.pellegrini.net\/fr\/nos-certifications\/#breadcrumb","itemListElement":[{"@type":"ListItem","position":1,"name":"Home","item":"https:\/\/www.pellegrini.net\/fr\/"},{"@type":"ListItem","position":2,"name":"Nos certifications"}]},{"@type":"WebSite","@id":"https:\/\/www.pellegrini.net\/fr\/#website","url":"https:\/\/www.pellegrini.net\/fr\/","name":"Pellegrini Meccanica S.p.A.","description":"The Stone Master","publisher":{"@id":"https:\/\/www.pellegrini.net\/fr\/#organization"},"potentialAction":[{"@type":"SearchAction","target":{"@type":"EntryPoint","urlTemplate":"https:\/\/www.pellegrini.net\/fr\/?s={search_term_string}"},"query-input":{"@type":"PropertyValueSpecification","valueRequired":true,"valueName":"search_term_string"}}],"inLanguage":"fr-FR"},{"@type":"Organization","@id":"https:\/\/www.pellegrini.net\/fr\/#organization","name":"Pellegrini Meccanica S.p.A.","url":"https:\/\/www.pellegrini.net\/fr\/","logo":{"@type":"ImageObject","inLanguage":"fr-FR","@id":"https:\/\/www.pellegrini.net\/fr\/#\/schema\/logo\/image\/","url":"https:\/\/www.pellegrini.net\/wp-content\/uploads\/2023\/04\/ms-icon-310x310-1.png","contentUrl":"https:\/\/www.pellegrini.net\/wp-content\/uploads\/2023\/04\/ms-icon-310x310-1.png","width":310,"height":310,"caption":"Pellegrini Meccanica S.p.A."},"image":{"@id":"https:\/\/www.pellegrini.net\/fr\/#\/schema\/logo\/image\/"},"sameAs":["https:\/\/www.youtube.com\/@PellegriniMeccanica","https:\/\/www.linkedin.com\/company\/pellegrini-meccanica-s-p-a\/","https:\/\/www.instagram.com\/pellegrini_thestonemaster\/"]}]}},"_links":{"self":[{"href":"https:\/\/www.pellegrini.net\/fr\/wp-json\/wp\/v2\/pages\/2798","targetHints":{"allow":["GET"]}}],"collection":[{"href":"https:\/\/www.pellegrini.net\/fr\/wp-json\/wp\/v2\/pages"}],"about":[{"href":"https:\/\/www.pellegrini.net\/fr\/wp-json\/wp\/v2\/types\/page"}],"author":[{"embeddable":true,"href":"https:\/\/www.pellegrini.net\/fr\/wp-json\/wp\/v2\/users\/1"}],"replies":[{"embeddable":true,"href":"https:\/\/www.pellegrini.net\/fr\/wp-json\/wp\/v2\/comments?post=2798"}],"version-history":[{"count":3,"href":"https:\/\/www.pellegrini.net\/fr\/wp-json\/wp\/v2\/pages\/2798\/revisions"}],"predecessor-version":[{"id":2932,"href":"https:\/\/www.pellegrini.net\/fr\/wp-json\/wp\/v2\/pages\/2798\/revisions\/2932"}],"wp:attachment":[{"href":"https:\/\/www.pellegrini.net\/fr\/wp-json\/wp\/v2\/media?parent=2798"}],"curies":[{"name":"wp","href":"https:\/\/api.w.org\/{rel}","templated":true}]}}