{"id":4988,"date":"2022-12-22T16:36:49","date_gmt":"2022-12-22T15:36:49","guid":{"rendered":"https:\/\/www.pellegrini.net\/assistenza-e-ricambi\/"},"modified":"2023-05-24T14:42:55","modified_gmt":"2023-05-24T12:42:55","slug":"assistenza-e-ricambi","status":"publish","type":"page","link":"https:\/\/www.pellegrini.net\/es\/asistencia-y-piezas-de-repuesto\/","title":{"rendered":"Asistencia y piezas de repuesto"},"content":{"rendered":"\n<h2 class=\"wp-block-heading\"><strong>Estamos a disposici\u00f3n del cliente<\/strong><\/h2>\n\n\n\n<p>Nuestro personal t\u00e9cnico especializado est\u00e1 constantemente disponible para garantizar a los clientes un servicio pre y posventa v\u00e1lido y un correcto mantenimiento de las m\u00e1quinas. Las respuestas puntuales a los problemas t\u00e9cnicos y el suministro r\u00e1pido de piezas de repuesto son factores que nos distinguen. En este sentido, ofrecemos a nuestros clientes piezas de repuesto para m\u00e1quinas nuevas y viejas.<\/p>\n\n\n\n<p>Pellegrini garantiza a sus clientes maquinaria de alto rendimiento y fiabilidad, tambi\u00e9n durante m\u00e1s de 30 a\u00f1os.<\/p>\n\n\n\n<p><\/p>\n","protected":false},"excerpt":{"rendered":"<p>Estamos a disposici\u00f3n del cliente Nuestro personal t\u00e9cnico especializado est\u00e1 constantemente disponible para garantizar a los clientes un servicio pre y posventa v\u00e1lido y un correcto mantenimiento de las m\u00e1quinas. Las respuestas puntuales a los problemas t\u00e9cnicos y el suministro r\u00e1pido de piezas de repuesto son factores que nos distinguen. En este sentido, ofrecemos a [&hellip;]<\/p>\n","protected":false},"author":1,"featured_media":5456,"parent":0,"menu_order":42,"comment_status":"closed","ping_status":"closed","template":"template-support.php","meta":{"_acf_changed":false,"pgc_sgb_lightbox_settings":"","footnotes":""},"class_list":["post-4988","page","type-page","status-publish","has-post-thumbnail","hentry"],"acf":[],"yoast_head":"<!-- This site is optimized with the Yoast SEO plugin v23.8 - https:\/\/yoast.com\/wordpress\/plugins\/seo\/ -->\n<title>Asistencia y piezas de repuesto | Pellegrini Meccanica S.p.A.<\/title>\n<meta name=\"robots\" content=\"index, follow, max-snippet:-1, max-image-preview:large, max-video-preview:-1\" \/>\n<link rel=\"canonical\" href=\"https:\/\/www.pellegrini.net\/es\/asistencia-y-piezas-de-repuesto\/\" \/>\n<meta property=\"og:locale\" content=\"es_ES\" \/>\n<meta property=\"og:type\" content=\"article\" \/>\n<meta property=\"og:title\" content=\"Asistencia y piezas de repuesto | Pellegrini Meccanica S.p.A.\" \/>\n<meta property=\"og:description\" content=\"Estamos a disposici\u00f3n del cliente Nuestro personal t\u00e9cnico especializado est\u00e1 constantemente disponible para garantizar a los clientes un servicio pre y posventa v\u00e1lido y un correcto mantenimiento de las m\u00e1quinas. Las respuestas puntuales a los problemas t\u00e9cnicos y el suministro r\u00e1pido de piezas de repuesto son factores que nos distinguen. En este sentido, ofrecemos a [&hellip;]\" \/>\n<meta property=\"og:url\" content=\"https:\/\/www.pellegrini.net\/es\/asistencia-y-piezas-de-repuesto\/\" \/>\n<meta property=\"og:site_name\" content=\"Pellegrini Meccanica S.p.A.\" \/>\n<meta property=\"article:modified_time\" content=\"2023-05-24T12:42:55+00:00\" \/>\n<meta property=\"og:image\" content=\"https:\/\/www.pellegrini.net\/wp-content\/uploads\/2023\/04\/sagomatori_laterale.jpg\" \/>\n\t<meta property=\"og:image:width\" content=\"1200\" \/>\n\t<meta property=\"og:image:height\" content=\"1200\" \/>\n\t<meta property=\"og:image:type\" content=\"image\/jpeg\" \/>\n<meta name=\"twitter:card\" content=\"summary_large_image\" \/>\n<meta name=\"twitter:label1\" content=\"Tiempo de lectura\" \/>\n\t<meta name=\"twitter:data1\" content=\"1 minuto\" \/>\n<script type=\"application\/ld+json\" class=\"yoast-schema-graph\">{\"@context\":\"https:\/\/schema.org\",\"@graph\":[{\"@type\":\"WebPage\",\"@id\":\"https:\/\/www.pellegrini.net\/es\/asistencia-y-piezas-de-repuesto\/\",\"url\":\"https:\/\/www.pellegrini.net\/es\/asistencia-y-piezas-de-repuesto\/\",\"name\":\"Asistencia y piezas de repuesto | Pellegrini Meccanica S.p.A.\",\"isPartOf\":{\"@id\":\"https:\/\/www.pellegrini.net\/es\/#website\"},\"primaryImageOfPage\":{\"@id\":\"https:\/\/www.pellegrini.net\/es\/asistencia-y-piezas-de-repuesto\/#primaryimage\"},\"image\":{\"@id\":\"https:\/\/www.pellegrini.net\/es\/asistencia-y-piezas-de-repuesto\/#primaryimage\"},\"thumbnailUrl\":\"https:\/\/www.pellegrini.net\/wp-content\/uploads\/2023\/05\/4A82A92D-D722-4883-9445-F2CCECC11C24-1.jpeg\",\"datePublished\":\"2022-12-22T15:36:49+00:00\",\"dateModified\":\"2023-05-24T12:42:55+00:00\",\"breadcrumb\":{\"@id\":\"https:\/\/www.pellegrini.net\/es\/asistencia-y-piezas-de-repuesto\/#breadcrumb\"},\"inLanguage\":\"es\",\"potentialAction\":[{\"@type\":\"ReadAction\",\"target\":[\"https:\/\/www.pellegrini.net\/es\/asistencia-y-piezas-de-repuesto\/\"]}]},{\"@type\":\"ImageObject\",\"inLanguage\":\"es\",\"@id\":\"https:\/\/www.pellegrini.net\/es\/asistencia-y-piezas-de-repuesto\/#primaryimage\",\"url\":\"https:\/\/www.pellegrini.net\/wp-content\/uploads\/2023\/05\/4A82A92D-D722-4883-9445-F2CCECC11C24-1.jpeg\",\"contentUrl\":\"https:\/\/www.pellegrini.net\/wp-content\/uploads\/2023\/05\/4A82A92D-D722-4883-9445-F2CCECC11C24-1.jpeg\",\"width\":1280,\"height\":1920},{\"@type\":\"BreadcrumbList\",\"@id\":\"https:\/\/www.pellegrini.net\/es\/asistencia-y-piezas-de-repuesto\/#breadcrumb\",\"itemListElement\":[{\"@type\":\"ListItem\",\"position\":1,\"name\":\"Home\",\"item\":\"https:\/\/www.pellegrini.net\/es\/\"},{\"@type\":\"ListItem\",\"position\":2,\"name\":\"Asistencia y piezas de repuesto\"}]},{\"@type\":\"WebSite\",\"@id\":\"https:\/\/www.pellegrini.net\/es\/#website\",\"url\":\"https:\/\/www.pellegrini.net\/es\/\",\"name\":\"Pellegrini Meccanica S.p.A.\",\"description\":\"The Stone Master\",\"publisher\":{\"@id\":\"https:\/\/www.pellegrini.net\/es\/#organization\"},\"potentialAction\":[{\"@type\":\"SearchAction\",\"target\":{\"@type\":\"EntryPoint\",\"urlTemplate\":\"https:\/\/www.pellegrini.net\/es\/?s={search_term_string}\"},\"query-input\":{\"@type\":\"PropertyValueSpecification\",\"valueRequired\":true,\"valueName\":\"search_term_string\"}}],\"inLanguage\":\"es\"},{\"@type\":\"Organization\",\"@id\":\"https:\/\/www.pellegrini.net\/es\/#organization\",\"name\":\"Pellegrini Meccanica S.p.A.\",\"url\":\"https:\/\/www.pellegrini.net\/es\/\",\"logo\":{\"@type\":\"ImageObject\",\"inLanguage\":\"es\",\"@id\":\"https:\/\/www.pellegrini.net\/es\/#\/schema\/logo\/image\/\",\"url\":\"https:\/\/www.pellegrini.net\/wp-content\/uploads\/2023\/04\/ms-icon-310x310-1.png\",\"contentUrl\":\"https:\/\/www.pellegrini.net\/wp-content\/uploads\/2023\/04\/ms-icon-310x310-1.png\",\"width\":310,\"height\":310,\"caption\":\"Pellegrini Meccanica S.p.A.\"},\"image\":{\"@id\":\"https:\/\/www.pellegrini.net\/es\/#\/schema\/logo\/image\/\"},\"sameAs\":[\"https:\/\/www.youtube.com\/@PellegriniMeccanica\",\"https:\/\/www.linkedin.com\/company\/pellegrini-meccanica-s-p-a\/\",\"https:\/\/www.instagram.com\/pellegrini_thestonemaster\/\"]}]}<\/script>\n<!-- \/ Yoast SEO plugin. -->","yoast_head_json":{"title":"Asistencia y piezas de repuesto | Pellegrini Meccanica S.p.A.","robots":{"index":"index","follow":"follow","max-snippet":"max-snippet:-1","max-image-preview":"max-image-preview:large","max-video-preview":"max-video-preview:-1"},"canonical":"https:\/\/www.pellegrini.net\/es\/asistencia-y-piezas-de-repuesto\/","og_locale":"es_ES","og_type":"article","og_title":"Asistencia y piezas de repuesto | Pellegrini Meccanica S.p.A.","og_description":"Estamos a disposici\u00f3n del cliente Nuestro personal t\u00e9cnico especializado est\u00e1 constantemente disponible para garantizar a los clientes un servicio pre y posventa v\u00e1lido y un correcto mantenimiento de las m\u00e1quinas. Las respuestas puntuales a los problemas t\u00e9cnicos y el suministro r\u00e1pido de piezas de repuesto son factores que nos distinguen. En este sentido, ofrecemos a [&hellip;]","og_url":"https:\/\/www.pellegrini.net\/es\/asistencia-y-piezas-de-repuesto\/","og_site_name":"Pellegrini Meccanica S.p.A.","article_modified_time":"2023-05-24T12:42:55+00:00","og_image":[{"width":1200,"height":1200,"url":"https:\/\/www.pellegrini.net\/wp-content\/uploads\/2023\/04\/sagomatori_laterale.jpg","type":"image\/jpeg"}],"twitter_card":"summary_large_image","twitter_misc":{"Tiempo de lectura":"1 minuto"},"schema":{"@context":"https:\/\/schema.org","@graph":[{"@type":"WebPage","@id":"https:\/\/www.pellegrini.net\/es\/asistencia-y-piezas-de-repuesto\/","url":"https:\/\/www.pellegrini.net\/es\/asistencia-y-piezas-de-repuesto\/","name":"Asistencia y piezas de repuesto | Pellegrini Meccanica S.p.A.","isPartOf":{"@id":"https:\/\/www.pellegrini.net\/es\/#website"},"primaryImageOfPage":{"@id":"https:\/\/www.pellegrini.net\/es\/asistencia-y-piezas-de-repuesto\/#primaryimage"},"image":{"@id":"https:\/\/www.pellegrini.net\/es\/asistencia-y-piezas-de-repuesto\/#primaryimage"},"thumbnailUrl":"https:\/\/www.pellegrini.net\/wp-content\/uploads\/2023\/05\/4A82A92D-D722-4883-9445-F2CCECC11C24-1.jpeg","datePublished":"2022-12-22T15:36:49+00:00","dateModified":"2023-05-24T12:42:55+00:00","breadcrumb":{"@id":"https:\/\/www.pellegrini.net\/es\/asistencia-y-piezas-de-repuesto\/#breadcrumb"},"inLanguage":"es","potentialAction":[{"@type":"ReadAction","target":["https:\/\/www.pellegrini.net\/es\/asistencia-y-piezas-de-repuesto\/"]}]},{"@type":"ImageObject","inLanguage":"es","@id":"https:\/\/www.pellegrini.net\/es\/asistencia-y-piezas-de-repuesto\/#primaryimage","url":"https:\/\/www.pellegrini.net\/wp-content\/uploads\/2023\/05\/4A82A92D-D722-4883-9445-F2CCECC11C24-1.jpeg","contentUrl":"https:\/\/www.pellegrini.net\/wp-content\/uploads\/2023\/05\/4A82A92D-D722-4883-9445-F2CCECC11C24-1.jpeg","width":1280,"height":1920},{"@type":"BreadcrumbList","@id":"https:\/\/www.pellegrini.net\/es\/asistencia-y-piezas-de-repuesto\/#breadcrumb","itemListElement":[{"@type":"ListItem","position":1,"name":"Home","item":"https:\/\/www.pellegrini.net\/es\/"},{"@type":"ListItem","position":2,"name":"Asistencia y piezas de repuesto"}]},{"@type":"WebSite","@id":"https:\/\/www.pellegrini.net\/es\/#website","url":"https:\/\/www.pellegrini.net\/es\/","name":"Pellegrini Meccanica S.p.A.","description":"The Stone Master","publisher":{"@id":"https:\/\/www.pellegrini.net\/es\/#organization"},"potentialAction":[{"@type":"SearchAction","target":{"@type":"EntryPoint","urlTemplate":"https:\/\/www.pellegrini.net\/es\/?s={search_term_string}"},"query-input":{"@type":"PropertyValueSpecification","valueRequired":true,"valueName":"search_term_string"}}],"inLanguage":"es"},{"@type":"Organization","@id":"https:\/\/www.pellegrini.net\/es\/#organization","name":"Pellegrini Meccanica S.p.A.","url":"https:\/\/www.pellegrini.net\/es\/","logo":{"@type":"ImageObject","inLanguage":"es","@id":"https:\/\/www.pellegrini.net\/es\/#\/schema\/logo\/image\/","url":"https:\/\/www.pellegrini.net\/wp-content\/uploads\/2023\/04\/ms-icon-310x310-1.png","contentUrl":"https:\/\/www.pellegrini.net\/wp-content\/uploads\/2023\/04\/ms-icon-310x310-1.png","width":310,"height":310,"caption":"Pellegrini Meccanica S.p.A."},"image":{"@id":"https:\/\/www.pellegrini.net\/es\/#\/schema\/logo\/image\/"},"sameAs":["https:\/\/www.youtube.com\/@PellegriniMeccanica","https:\/\/www.linkedin.com\/company\/pellegrini-meccanica-s-p-a\/","https:\/\/www.instagram.com\/pellegrini_thestonemaster\/"]}]}},"_links":{"self":[{"href":"https:\/\/www.pellegrini.net\/es\/wp-json\/wp\/v2\/pages\/4988","targetHints":{"allow":["GET"]}}],"collection":[{"href":"https:\/\/www.pellegrini.net\/es\/wp-json\/wp\/v2\/pages"}],"about":[{"href":"https:\/\/www.pellegrini.net\/es\/wp-json\/wp\/v2\/types\/page"}],"author":[{"embeddable":true,"href":"https:\/\/www.pellegrini.net\/es\/wp-json\/wp\/v2\/users\/1"}],"replies":[{"embeddable":true,"href":"https:\/\/www.pellegrini.net\/es\/wp-json\/wp\/v2\/comments?post=4988"}],"version-history":[{"count":2,"href":"https:\/\/www.pellegrini.net\/es\/wp-json\/wp\/v2\/pages\/4988\/revisions"}],"predecessor-version":[{"id":4992,"href":"https:\/\/www.pellegrini.net\/es\/wp-json\/wp\/v2\/pages\/4988\/revisions\/4992"}],"wp:featuredmedia":[{"embeddable":true,"href":"https:\/\/www.pellegrini.net\/es\/wp-json\/wp\/v2\/media\/5456"}],"wp:attachment":[{"href":"https:\/\/www.pellegrini.net\/es\/wp-json\/wp\/v2\/media?parent=4988"}],"curies":[{"name":"wp","href":"https:\/\/api.w.org\/{rel}","templated":true}]}}